{"id":691,"date":"2025-05-28T20:49:00","date_gmt":"2025-05-28T20:49:00","guid":{"rendered":"https:\/\/auriverdemining.com\/pt\/?page_id=691"},"modified":"2025-06-26T16:32:43","modified_gmt":"2025-06-26T16:32:43","slug":"committee-composition","status":"publish","type":"page","link":"https:\/\/auriverdemining.com\/pt\/committee-composition\/","title":{"rendered":"Composi\u00e7\u00e3o do Comit\u00ea"},"content":{"rendered":"\t\t<div data-elementor-type=\"wp-page\" data-elementor-id=\"691\" class=\"elementor elementor-691\" data-elementor-post-type=\"page\">\n\t\t\t\t<div class=\"elementor-element elementor-element-96de757 e-flex e-con-boxed e-con e-parent\" data-id=\"96de757\" data-element_type=\"container\" data-e-type=\"container\" data-settings=\"{&quot;background_background&quot;:&quot;gradient&quot;}\">\n\t\t\t\t\t<div class=\"e-con-inner\">\n\t\t\t\t\t<\/div>\n\t\t\t\t<\/div>\n\t\t<div class=\"elementor-element elementor-element-f8ce7b2 e-con-full e-flex e-con e-parent\" data-id=\"f8ce7b2\" data-element_type=\"container\" data-e-type=\"container\" data-settings=\"{&quot;background_background&quot;:&quot;classic&quot;}\">\n\t\t<div class=\"elementor-element elementor-element-08e5ea0 e-con-full e-flex e-con e-child\" data-id=\"08e5ea0\" data-element_type=\"container\" data-e-type=\"container\">\n\t\t\t\t<div class=\"elementor-element elementor-element-164fa62 elementor-widget elementor-widget-text-editor\" data-id=\"164fa62\" data-element_type=\"widget\" data-e-type=\"widget\" data-widget_type=\"text-editor.default\">\n\t\t\t\t<div class=\"elementor-widget-container\">\n\t\t\t\t\t\t\t\t\t<p>A Auriverde Mining est\u00e1 comprometida em manter os mais altos padr\u00f5es de governan\u00e7a corporativa por meio de uma estrutura de comit\u00eas bem definida. Nossos comit\u00eas s\u00e3o compostos por profissionais experientes que fornecem supervis\u00e3o, orienta\u00e7\u00e3o estrat\u00e9gica e gest\u00e3o de riscos em \u00e1reas-chave do neg\u00f3cio.<\/p>\t\t\t\t\t\t\t\t<\/div>\n\t\t\t\t<\/div>\n\t\t\t\t<div class=\"elementor-element elementor-element-473c3d4 elementor-widget elementor-widget-text-editor\" data-id=\"473c3d4\" data-element_type=\"widget\" data-e-type=\"widget\" data-widget_type=\"text-editor.default\">\n\t\t\t\t<div class=\"elementor-widget-container\">\n\t\t\t\t\t\t\t\t\t<p data-start=\"52\" data-end=\"84\"><strong data-start=\"52\" data-end=\"84\">Comit\u00ea de Auditoria e Riscos<\/strong><\/p><p data-start=\"86\" data-end=\"274\">Respons\u00e1vel por monitorar os relat\u00f3rios financeiros, controles internos, conformidade e pol\u00edticas de gest\u00e3o de riscos. Garante transpar\u00eancia e integridade em todas as quest\u00f5es financeiras.<\/p><p data-start=\"276\" data-end=\"315\"><strong data-start=\"279\" data-end=\"315\">Comit\u00ea de Sustentabilidade e ESG<\/strong><\/p><p data-start=\"317\" data-end=\"495\">Supervisiona as iniciativas ambientais, sociais e de governan\u00e7a (ESG), incluindo o engajamento com a comunidade, conformidade ambiental e pr\u00e1ticas de desenvolvimento sustent\u00e1vel.<\/p><p data-start=\"497\" data-end=\"518\"><strong data-start=\"500\" data-end=\"518\">Comit\u00ea T\u00e9cnico<\/strong><\/p><p data-start=\"520\" data-end=\"719\">Fornece orienta\u00e7\u00f5es sobre a estrat\u00e9gia de explora\u00e7\u00e3o, desenvolvimento de projetos e avalia\u00e7\u00f5es t\u00e9cnicas. Apoia a tomada de decis\u00f5es com base nas melhores pr\u00e1ticas de geologia, engenharia e opera\u00e7\u00f5es.<\/p><p data-start=\"721\" data-end=\"783\"><strong data-start=\"724\" data-end=\"783\">Comit\u00ea de Governan\u00e7a Corporativa e Indica\u00e7\u00e3o<\/strong><\/p><p data-start=\"785\" data-end=\"920\" data-is-last-node=\"\" data-is-only-node=\"\">Foca na efic\u00e1cia do conselho, estrutura de lideran\u00e7a e indica\u00e7\u00e3o de indiv\u00edduos qualificados para cargos de lideran\u00e7a e para o conselho.<\/p>\t\t\t\t\t\t\t\t<\/div>\n\t\t\t\t<\/div>\n\t\t\t\t<\/div>\n\t\t<div class=\"elementor-element elementor-element-80c8fda e-con-full e-flex e-con e-child\" data-id=\"80c8fda\" data-element_type=\"container\" data-e-type=\"container\" data-settings=\"{&quot;background_background&quot;:&quot;gradient&quot;}\">\n\t\t\t\t<\/div>\n\t\t\t\t<\/div>\n\t\t\t\t<\/div>\n\t\t","protected":false},"excerpt":{"rendered":"<p>A Auriverde Mining est\u00e1 comprometida em manter os mais altos padr\u00f5es de governan\u00e7a corporativa por meio de uma estrutura de comit\u00eas bem definida. Nossos comit\u00eas s\u00e3o compostos por profissionais experientes que fornecem supervis\u00e3o, orienta\u00e7\u00e3o estrat\u00e9gica e gest\u00e3o de riscos em \u00e1reas-chave do neg\u00f3cio. Comit\u00ea de Auditoria e Riscos Respons\u00e1vel por monitorar os relat\u00f3rios financeiros, controles [&hellip;]<\/p>\n","protected":false},"author":1,"featured_media":0,"parent":0,"menu_order":0,"comment_status":"closed","ping_status":"closed","template":"elementor_header_footer","meta":{"footnotes":""},"class_list":["post-691","page","type-page","status-publish","hentry"],"_links":{"self":[{"href":"https:\/\/auriverdemining.com\/pt\/wp-json\/wp\/v2\/pages\/691","targetHints":{"allow":["GET"]}}],"collection":[{"href":"https:\/\/auriverdemining.com\/pt\/wp-json\/wp\/v2\/pages"}],"about":[{"href":"https:\/\/auriverdemining.com\/pt\/wp-json\/wp\/v2\/types\/page"}],"author":[{"embeddable":true,"href":"https:\/\/auriverdemining.com\/pt\/wp-json\/wp\/v2\/users\/1"}],"replies":[{"embeddable":true,"href":"https:\/\/auriverdemining.com\/pt\/wp-json\/wp\/v2\/comments?post=691"}],"version-history":[{"count":45,"href":"https:\/\/auriverdemining.com\/pt\/wp-json\/wp\/v2\/pages\/691\/revisions"}],"predecessor-version":[{"id":2216,"href":"https:\/\/auriverdemining.com\/pt\/wp-json\/wp\/v2\/pages\/691\/revisions\/2216"}],"wp:attachment":[{"href":"https:\/\/auriverdemining.com\/pt\/wp-json\/wp\/v2\/media?parent=691"}],"curies":[{"name":"wp","href":"https:\/\/api.w.org\/{rel}","templated":true}]}}