{"id":689,"date":"2025-05-28T20:53:55","date_gmt":"2025-05-28T20:53:55","guid":{"rendered":"https:\/\/auriverdemining.com\/pt\/?page_id=689"},"modified":"2025-06-26T16:48:48","modified_gmt":"2025-06-26T16:48:48","slug":"lideranca-executiva","status":"publish","type":"page","link":"https:\/\/auriverdemining.com\/pt\/lideranca-executiva\/","title":{"rendered":"Lideran\u00e7a Executiva"},"content":{"rendered":"\t\t<div data-elementor-type=\"wp-page\" data-elementor-id=\"689\" class=\"elementor elementor-689\" data-elementor-post-type=\"page\">\n\t\t\t\t<div class=\"elementor-element elementor-element-07e0aa3 e-flex e-con-boxed e-con e-parent\" data-id=\"07e0aa3\" data-element_type=\"container\" data-e-type=\"container\" data-settings=\"{&quot;background_background&quot;:&quot;gradient&quot;}\">\n\t\t\t\t\t<div class=\"e-con-inner\">\n\t\t\t\t\t<\/div>\n\t\t\t\t<\/div>\n\t\t<div class=\"elementor-element elementor-element-6760294 e-con-full e-flex e-con e-parent\" data-id=\"6760294\" data-element_type=\"container\" data-e-type=\"container\" data-settings=\"{&quot;background_background&quot;:&quot;classic&quot;}\">\n\t\t<div class=\"elementor-element elementor-element-f87b6b0 e-con-full e-flex e-con e-child\" data-id=\"f87b6b0\" data-element_type=\"container\" data-e-type=\"container\">\n\t\t\t\t<div class=\"elementor-element elementor-element-a8c6158 elementor-widget elementor-widget-text-editor\" data-id=\"a8c6158\" data-element_type=\"widget\" data-e-type=\"widget\" data-widget_type=\"text-editor.default\">\n\t\t\t\t<div class=\"elementor-widget-container\">\n\t\t\t\t\t\t\t\t\t<p data-start=\"0\" data-end=\"393\">Na Auriverde Mining, nossa equipe executiva re\u00fane d\u00e9cadas de experi\u00eancia combinada em explora\u00e7\u00e3o mineral, desenvolvimento de minas, opera\u00e7\u00f5es e governan\u00e7a corporativa, tanto no Brasil quanto em mercados internacionais.\u00a0<\/p><p data-start=\"0\" data-end=\"393\">Somos unidos por uma vis\u00e3o compartilhada: desenvolver de forma respons\u00e1vel ativos de ouro com alto potencial e gerar valor sustent\u00e1vel a longo prazo para nossos stakeholders.<\/p><p data-start=\"395\" data-end=\"597\" data-is-last-node=\"\" data-is-only-node=\"\">Nossos l\u00edderes combinam expertise t\u00e9cnica com vis\u00e3o estrat\u00e9gica, garantindo execu\u00e7\u00e3o disciplinada, efici\u00eancia operacional e forte compromisso com os princ\u00edpios ambientais, sociais e de governan\u00e7a (ESG).<\/p>\t\t\t\t\t\t\t\t<\/div>\n\t\t\t\t<\/div>\n\t\t\t\t<\/div>\n\t\t<div class=\"elementor-element elementor-element-4d0ba06 e-con-full e-flex e-con e-child\" data-id=\"4d0ba06\" data-element_type=\"container\" data-e-type=\"container\">\n\t\t\t\t<div class=\"elementor-element elementor-element-40e67d8 elementor-widget elementor-widget-text-editor\" data-id=\"40e67d8\" data-element_type=\"widget\" data-e-type=\"widget\" data-widget_type=\"text-editor.default\">\n\t\t\t\t<div class=\"elementor-widget-container\">\n\t\t\t\t\t\t\t\t\t<p><strong>Principais pontos fortes da lideran\u00e7a incluem:<\/strong><\/p><p>Hist\u00f3rico comprovado no desenvolvimento e opera\u00e7\u00e3o de projetos de minera\u00e7\u00e3o nas regi\u00f5es mais produtivas de ouro do Brasil<\/p><p>Profundo conhecimento dos marcos regulat\u00f3rios, processos de licenciamento e engajamento com as comunidades locais<\/p><p>Forte disciplina financeira e operacional<\/p><p>Compromisso com a seguran\u00e7a, sustentabilidade e pr\u00e1ticas empresariais \u00e9ticas<\/p><p>Juntos, nossa equipe de lideran\u00e7a est\u00e1 construindo uma empresa de minera\u00e7\u00e3o moderna que prioriza a inova\u00e7\u00e3o, a responsabilidade e a alta performance em todas as etapas do desenvolvimento.<\/p>\t\t\t\t\t\t\t\t<\/div>\n\t\t\t\t<\/div>\n\t\t\t\t<\/div>\n\t\t\t\t<\/div>\n\t\t<div class=\"elementor-element elementor-element-b24ff1d e-con-full e-flex e-con e-parent\" data-id=\"b24ff1d\" data-element_type=\"container\" data-e-type=\"container\" data-settings=\"{&quot;background_background&quot;:&quot;classic&quot;}\">\n\t\t<div class=\"elementor-element elementor-element-1e01b69 e-con-full e-flex e-con e-child\" data-id=\"1e01b69\" data-element_type=\"container\" data-e-type=\"container\">\n\t\t\t\t<div class=\"elementor-element elementor-element-ef409af elementor-widget elementor-widget-image\" data-id=\"ef409af\" data-element_type=\"widget\" data-e-type=\"widget\" data-widget_type=\"image.default\">\n\t\t\t\t<div class=\"elementor-widget-container\">\n\t\t\t\t\t\t\t\t\t\t\t\t\t\t\t<img fetchpriority=\"high\" decoding=\"async\" width=\"280\" height=\"300\" src=\"https:\/\/auriverdemining.com\/pt\/wp-content\/uploads\/2025\/05\/AURIVERDE-32-280x300.png\" class=\"attachment-medium size-medium wp-image-1418\" alt=\"\" srcset=\"https:\/\/auriverdemining.com\/pt\/wp-content\/uploads\/2025\/05\/AURIVERDE-32-280x300.png 280w, https:\/\/auriverdemining.com\/pt\/wp-content\/uploads\/2025\/05\/AURIVERDE-32.png 500w\" sizes=\"(max-width: 280px) 100vw, 280px\" \/>\t\t\t\t\t\t\t\t\t\t\t\t\t\t\t<\/div>\n\t\t\t\t<\/div>\n\t\t\t\t<div class=\"elementor-element elementor-element-658333d elementor-invisible elementor-widget elementor-widget-heading\" data-id=\"658333d\" data-element_type=\"widget\" data-e-type=\"widget\" data-settings=\"{&quot;_animation&quot;:&quot;fadeInDown&quot;}\" data-widget_type=\"heading.default\">\n\t\t\t\t<div class=\"elementor-widget-container\">\n\t\t\t\t\t<h1 class=\"elementor-heading-title elementor-size-default\">Rodrigo Nunes<\/h1>\t\t\t\t<\/div>\n\t\t\t\t<\/div>\n\t\t\t\t<div class=\"elementor-element elementor-element-6f8ea3c elementor-invisible elementor-widget elementor-widget-heading\" data-id=\"6f8ea3c\" data-element_type=\"widget\" data-e-type=\"widget\" data-settings=\"{&quot;_animation&quot;:&quot;fadeInDown&quot;}\" data-widget_type=\"heading.default\">\n\t\t\t\t<div class=\"elementor-widget-container\">\n\t\t\t\t\t<h1 class=\"elementor-heading-title elementor-size-default\">CEO<\/h1>\t\t\t\t<\/div>\n\t\t\t\t<\/div>\n\t\t\t\t<\/div>\n\t\t<div class=\"elementor-element elementor-element-5b856d1 e-con-full e-flex e-con e-child\" data-id=\"5b856d1\" data-element_type=\"container\" data-e-type=\"container\">\n\t\t\t\t<div class=\"elementor-element elementor-element-45462c9 elementor-widget elementor-widget-text-editor\" data-id=\"45462c9\" data-element_type=\"widget\" data-e-type=\"widget\" data-widget_type=\"text-editor.default\">\n\t\t\t\t<div class=\"elementor-widget-container\">\n\t\t\t\t\t\t\t\t\t<p data-start=\"0\" data-end=\"240\">Rodrigo Nunes \u00e9 o CEO da Auriverde Mining, com mais de 20 anos de experi\u00eancia na ind\u00fastria global de minera\u00e7\u00e3o. Ele possui um hist\u00f3rico comprovado em lideran\u00e7a operacional, desenvolvimento de projetos e crescimento estrat\u00e9gico nas Am\u00e9ricas.<\/p><p data-start=\"242\" data-end=\"548\">Antes de ingressar na Auriverde Mining em 2025, Rodrigo atuou como Chief Operating Officer na Hochschild Mining PLC, onde liderou importantes projetos de desenvolvimento de ouro no Brasil, incluindo os ativos Mara Rosa e Monte do Carmo. Tamb\u00e9m ocupou cargos de lideran\u00e7a no Optimize Group e na Yamana Gold.<\/p><p data-start=\"550\" data-end=\"747\" data-is-last-node=\"\" data-is-only-node=\"\">Rodrigo \u00e9 mestre em Ci\u00eancias pela Universidade de S\u00e3o Paulo (USP), possui MBA pela Funda\u00e7\u00e3o Getulio Vargas (FGV) e gradua\u00e7\u00e3o em Engenharia de Minas pela Universidade Federal de Minas Gerais (UFMG).<\/p>\t\t\t\t\t\t\t\t<\/div>\n\t\t\t\t<\/div>\n\t\t\t\t<\/div>\n\t\t\t\t<\/div>\n\t\t<div class=\"elementor-element elementor-element-f31dc15 e-con-full e-flex e-con e-child\" data-id=\"f31dc15\" data-element_type=\"container\" data-e-type=\"container\">\n\t\t\t\t<\/div>\n\t\t\t\t<\/div>\n\t\t","protected":false},"excerpt":{"rendered":"<p>Na Auriverde Mining, nossa equipe executiva re\u00fane d\u00e9cadas de experi\u00eancia combinada em explora\u00e7\u00e3o mineral, desenvolvimento de minas, opera\u00e7\u00f5es e governan\u00e7a corporativa, tanto no Brasil quanto em mercados internacionais.\u00a0 Somos unidos por uma vis\u00e3o compartilhada: desenvolver de forma respons\u00e1vel ativos de ouro com alto potencial e gerar valor sustent\u00e1vel a longo prazo para nossos stakeholders. Nossos [&hellip;]<\/p>\n","protected":false},"author":1,"featured_media":0,"parent":0,"menu_order":0,"comment_status":"closed","ping_status":"closed","template":"elementor_header_footer","meta":{"footnotes":""},"class_list":["post-689","page","type-page","status-publish","hentry"],"_links":{"self":[{"href":"https:\/\/auriverdemining.com\/pt\/wp-json\/wp\/v2\/pages\/689","targetHints":{"allow":["GET"]}}],"collection":[{"href":"https:\/\/auriverdemining.com\/pt\/wp-json\/wp\/v2\/pages"}],"about":[{"href":"https:\/\/auriverdemining.com\/pt\/wp-json\/wp\/v2\/types\/page"}],"author":[{"embeddable":true,"href":"https:\/\/auriverdemining.com\/pt\/wp-json\/wp\/v2\/users\/1"}],"replies":[{"embeddable":true,"href":"https:\/\/auriverdemining.com\/pt\/wp-json\/wp\/v2\/comments?post=689"}],"version-history":[{"count":54,"href":"https:\/\/auriverdemining.com\/pt\/wp-json\/wp\/v2\/pages\/689\/revisions"}],"predecessor-version":[{"id":2233,"href":"https:\/\/auriverdemining.com\/pt\/wp-json\/wp\/v2\/pages\/689\/revisions\/2233"}],"wp:attachment":[{"href":"https:\/\/auriverdemining.com\/pt\/wp-json\/wp\/v2\/media?parent=689"}],"curies":[{"name":"wp","href":"https:\/\/api.w.org\/{rel}","templated":true}]}}