{"id":687,"date":"2025-05-28T20:53:56","date_gmt":"2025-05-28T20:53:56","guid":{"rendered":"https:\/\/auriverdemining.com\/pt\/?page_id=687"},"modified":"2025-12-16T22:47:07","modified_gmt":"2025-12-16T22:47:07","slug":"por-que-investir","status":"publish","type":"page","link":"https:\/\/auriverdemining.com\/pt\/por-que-investir\/","title":{"rendered":"Por que Investir"},"content":{"rendered":"\t\t<div data-elementor-type=\"wp-page\" data-elementor-id=\"687\" class=\"elementor elementor-687\" data-elementor-post-type=\"page\">\n\t\t\t\t<div class=\"elementor-element elementor-element-324cafa e-flex e-con-boxed e-con e-parent\" data-id=\"324cafa\" data-element_type=\"container\" data-e-type=\"container\" data-settings=\"{&quot;background_background&quot;:&quot;gradient&quot;}\">\n\t\t\t\t\t<div class=\"e-con-inner\">\n\t\t\t\t\t<\/div>\n\t\t\t\t<\/div>\n\t\t<div class=\"elementor-element elementor-element-86a0ae2 e-con-full e-flex e-con e-parent\" data-id=\"86a0ae2\" data-element_type=\"container\" data-e-type=\"container\" data-settings=\"{&quot;background_background&quot;:&quot;classic&quot;}\">\n\t\t<div class=\"elementor-element elementor-element-64b2d2e e-con-full e-flex e-con e-child\" data-id=\"64b2d2e\" data-element_type=\"container\" data-e-type=\"container\">\n\t\t\t\t<div class=\"elementor-element elementor-element-9ff4203 elementor-widget elementor-widget-text-editor\" data-id=\"9ff4203\" data-element_type=\"widget\" data-e-type=\"widget\" data-widget_type=\"text-editor.default\">\n\t\t\t\t<div class=\"elementor-widget-container\">\n\t\t\t\t\t\t\t\t\t<p data-start=\"0\" data-end=\"229\">A Auriverde Mining oferece uma oportunidade \u00fanica de investir em uma empresa de explora\u00e7\u00e3o e desenvolvimento de ouro em est\u00e1gio de crescimento, atuando em uma das regi\u00f5es mais favor\u00e1veis \u00e0 minera\u00e7\u00e3o e ricas em recursos do Brasil.<\/p>\n<p data-start=\"231\" data-end=\"448\"><strong data-start=\"231\" data-end=\"262\">Portf\u00f3lio de Alto Potencial<\/strong><br data-start=\"262\" data-end=\"265\">Dois projetos estrategicamente localizados \u2014 Figueira Branca (projeto principal) e Alta Floresta \u2014 com significativa mineraliza\u00e7\u00e3o de ouro e potencial de explora\u00e7\u00e3o adicional.<\/p>\n<p data-start=\"450\" data-end=\"714\"><strong data-start=\"450\" data-end=\"490\">Caminho para Produ\u00e7\u00e3o de Curto Prazo<\/strong><br data-start=\"490\" data-end=\"493\">Figueira Branca avan\u00e7a na fase de constru\u00e7\u00e3o.<\/p>\n<p data-start=\"716\" data-end=\"898\"><strong data-start=\"716\" data-end=\"752\">Jurisdi\u00e7\u00e3o Favor\u00e1vel \u00e0 Minera\u00e7\u00e3o<\/strong><br data-start=\"752\" data-end=\"755\">Todos os ativos est\u00e3o situados em Mato Grosso, estado com longa tradi\u00e7\u00e3o mineradora, marcos regulat\u00f3rios favor\u00e1veis e excelente infraestrutura.<\/p>\n<p data-start=\"900\" data-end=\"1040\"><strong data-start=\"900\" data-end=\"925\">Equipe T\u00e9cnica S\u00f3lida<\/strong><br data-start=\"925\" data-end=\"928\">Gest\u00e3o experiente com hist\u00f3rico comprovado em explora\u00e7\u00e3o, desenvolvimento de minas e opera\u00e7\u00f5es em todo o Brasil.<\/p>\n<p data-start=\"1042\" data-end=\"1216\"><strong data-start=\"1042\" data-end=\"1076\">Foco em Sustentabilidade e ESG<\/strong><br data-start=\"1076\" data-end=\"1079\">Compromisso com a minera\u00e7\u00e3o respons\u00e1vel, preserva\u00e7\u00e3o ambiental e engajamento comunit\u00e1rio, garantindo a licen\u00e7a para operar a longo prazo.<\/p>\n<p data-start=\"1218\" data-end=\"1363\" data-is-last-node=\"\" data-is-only-node=\"\">A Auriverde Mining est\u00e1 posicionada para gerar valor aos acionistas por meio de execu\u00e7\u00e3o focada, crescimento de recursos e prontid\u00e3o operacional.<\/p>\t\t\t\t\t\t\t\t<\/div>\n\t\t\t\t<\/div>\n\t\t\t\t<\/div>\n\t\t<div class=\"elementor-element elementor-element-b00ded2 e-con-full e-flex e-con e-child\" data-id=\"b00ded2\" data-element_type=\"container\" data-e-type=\"container\" data-settings=\"{&quot;background_background&quot;:&quot;gradient&quot;}\">\n\t\t\t\t<\/div>\n\t\t\t\t<\/div>\n\t\t\t\t<\/div>\n\t\t","protected":false},"excerpt":{"rendered":"<p>A Auriverde Mining oferece uma oportunidade \u00fanica de investir em uma empresa de explora\u00e7\u00e3o e desenvolvimento de ouro em est\u00e1gio de crescimento, atuando em uma das regi\u00f5es mais favor\u00e1veis \u00e0 minera\u00e7\u00e3o e ricas em recursos do Brasil. Portf\u00f3lio de Alto PotencialDois projetos estrategicamente localizados \u2014 Figueira Branca (projeto principal) e Alta Floresta \u2014 com significativa [&hellip;]<\/p>\n","protected":false},"author":1,"featured_media":0,"parent":0,"menu_order":0,"comment_status":"closed","ping_status":"closed","template":"elementor_header_footer","meta":{"footnotes":""},"class_list":["post-687","page","type-page","status-publish","hentry"],"_links":{"self":[{"href":"https:\/\/auriverdemining.com\/pt\/wp-json\/wp\/v2\/pages\/687","targetHints":{"allow":["GET"]}}],"collection":[{"href":"https:\/\/auriverdemining.com\/pt\/wp-json\/wp\/v2\/pages"}],"about":[{"href":"https:\/\/auriverdemining.com\/pt\/wp-json\/wp\/v2\/types\/page"}],"author":[{"embeddable":true,"href":"https:\/\/auriverdemining.com\/pt\/wp-json\/wp\/v2\/users\/1"}],"replies":[{"embeddable":true,"href":"https:\/\/auriverdemining.com\/pt\/wp-json\/wp\/v2\/comments?post=687"}],"version-history":[{"count":65,"href":"https:\/\/auriverdemining.com\/pt\/wp-json\/wp\/v2\/pages\/687\/revisions"}],"predecessor-version":[{"id":2323,"href":"https:\/\/auriverdemining.com\/pt\/wp-json\/wp\/v2\/pages\/687\/revisions\/2323"}],"wp:attachment":[{"href":"https:\/\/auriverdemining.com\/pt\/wp-json\/wp\/v2\/media?parent=687"}],"curies":[{"name":"wp","href":"https:\/\/api.w.org\/{rel}","templated":true}]}}