{"id":684,"date":"2025-05-28T20:49:17","date_gmt":"2025-05-28T20:49:17","guid":{"rendered":"https:\/\/auriverdemining.com\/pt\/?page_id=684"},"modified":"2025-12-16T22:46:52","modified_gmt":"2025-12-16T22:46:52","slug":"visao-geral-para-investidores","status":"publish","type":"page","link":"https:\/\/auriverdemining.com\/pt\/visao-geral-para-investidores\/","title":{"rendered":"Vis\u00e3o Geral para Investidores"},"content":{"rendered":"\t\t<div data-elementor-type=\"wp-page\" data-elementor-id=\"684\" class=\"elementor elementor-684\" data-elementor-post-type=\"page\">\n\t\t\t\t<div class=\"elementor-element elementor-element-c715893 e-flex e-con-boxed e-con e-parent\" data-id=\"c715893\" data-element_type=\"container\" data-e-type=\"container\" data-settings=\"{&quot;background_background&quot;:&quot;gradient&quot;}\">\n\t\t\t\t\t<div class=\"e-con-inner\">\n\t\t\t\t\t<\/div>\n\t\t\t\t<\/div>\n\t\t<div class=\"elementor-element elementor-element-a0b71d7 e-con-full e-flex e-con e-parent\" data-id=\"a0b71d7\" data-element_type=\"container\" data-e-type=\"container\" data-settings=\"{&quot;background_background&quot;:&quot;classic&quot;}\">\n\t\t<div class=\"elementor-element elementor-element-b17d7d1 e-con-full e-flex e-con e-child\" data-id=\"b17d7d1\" data-element_type=\"container\" data-e-type=\"container\">\n\t\t\t\t<div class=\"elementor-element elementor-element-9fdb989 elementor-widget elementor-widget-text-editor\" data-id=\"9fdb989\" data-element_type=\"widget\" data-e-type=\"widget\" data-widget_type=\"text-editor.default\">\n\t\t\t\t<div class=\"elementor-widget-container\">\n\t\t\t\t\t\t\t\t\t<p data-start=\"0\" data-end=\"367\">A Auriverde Mining oferece uma oportunidade de investimento atraente no pr\u00f3spero setor de ouro do Brasil. Com um portf\u00f3lio de projetos de alto potencial localizados em jurisdi\u00e7\u00f5es favor\u00e1veis \u00e0 minera\u00e7\u00e3o, incluindo nosso principal ativo, o Projeto Figueira Branca, estamos estrategicamente posicionados para crescimento de curto prazo e gera\u00e7\u00e3o de valor a longo prazo.<\/p>\n<p data-start=\"369\" data-end=\"409\">Destaques do nosso investimento incluem:<\/p>\n<ul data-start=\"411\" data-end=\"963\">\n<li data-start=\"411\" data-end=\"522\">\n<p data-start=\"413\" data-end=\"522\"><strong data-start=\"413\" data-end=\"448\">Pipeline Robusto de Explora\u00e7\u00e3o:<\/strong> 20.000 metros de sondagem diamantada planejados em dois projetos-chave.<\/p>\n<\/li>\n<li data-start=\"627\" data-end=\"753\">\n<p data-start=\"629\" data-end=\"753\"><strong data-start=\"629\" data-end=\"657\">Localiza\u00e7\u00e3o Estrat\u00e9gica:<\/strong> Opera\u00e7\u00f5es concentradas em Mato Grosso, um dos estados mais produtivos em minera\u00e7\u00e3o no Brasil.<\/p>\n<\/li>\n<li data-start=\"754\" data-end=\"844\">\n<p data-start=\"756\" data-end=\"844\"><strong data-start=\"756\" data-end=\"776\">Lideran\u00e7a Forte:<\/strong> Equipe executiva comprovada, com expertise t\u00e9cnica e operacional.<\/p>\n<\/li>\n<li data-start=\"845\" data-end=\"963\">\n<p data-start=\"847\" data-end=\"963\"><strong data-start=\"847\" data-end=\"867\">Compromisso ESG:<\/strong> Pr\u00e1ticas respons\u00e1veis de minera\u00e7\u00e3o alinhadas aos padr\u00f5es ambientais, sociais e de governan\u00e7a.<\/p>\n<\/li>\n<\/ul>\n<p data-start=\"965\" data-end=\"1113\" data-is-last-node=\"\" data-is-only-node=\"\">A Auriverde Mining est\u00e1 focada em gerar valor por meio do desenvolvimento disciplinado de projetos, sucesso na explora\u00e7\u00e3o e governan\u00e7a transparente.<\/p>\t\t\t\t\t\t\t\t<\/div>\n\t\t\t\t<\/div>\n\t\t\t\t<\/div>\n\t\t<div class=\"elementor-element elementor-element-edcf456 e-con-full e-flex e-con e-child\" data-id=\"edcf456\" data-element_type=\"container\" data-e-type=\"container\" data-settings=\"{&quot;background_background&quot;:&quot;gradient&quot;}\">\n\t\t\t\t<\/div>\n\t\t\t\t<\/div>\n\t\t\t\t<\/div>\n\t\t","protected":false},"excerpt":{"rendered":"<p>A Auriverde Mining oferece uma oportunidade de investimento atraente no pr\u00f3spero setor de ouro do Brasil. Com um portf\u00f3lio de projetos de alto potencial localizados em jurisdi\u00e7\u00f5es favor\u00e1veis \u00e0 minera\u00e7\u00e3o, incluindo nosso principal ativo, o Projeto Figueira Branca, estamos estrategicamente posicionados para crescimento de curto prazo e gera\u00e7\u00e3o de valor a longo prazo. Destaques do [&hellip;]<\/p>\n","protected":false},"author":1,"featured_media":0,"parent":0,"menu_order":0,"comment_status":"closed","ping_status":"closed","template":"elementor_header_footer","meta":{"footnotes":""},"class_list":["post-684","page","type-page","status-publish","hentry"],"_links":{"self":[{"href":"https:\/\/auriverdemining.com\/pt\/wp-json\/wp\/v2\/pages\/684","targetHints":{"allow":["GET"]}}],"collection":[{"href":"https:\/\/auriverdemining.com\/pt\/wp-json\/wp\/v2\/pages"}],"about":[{"href":"https:\/\/auriverdemining.com\/pt\/wp-json\/wp\/v2\/types\/page"}],"author":[{"embeddable":true,"href":"https:\/\/auriverdemining.com\/pt\/wp-json\/wp\/v2\/users\/1"}],"replies":[{"embeddable":true,"href":"https:\/\/auriverdemining.com\/pt\/wp-json\/wp\/v2\/comments?post=684"}],"version-history":[{"count":44,"href":"https:\/\/auriverdemining.com\/pt\/wp-json\/wp\/v2\/pages\/684\/revisions"}],"predecessor-version":[{"id":2320,"href":"https:\/\/auriverdemining.com\/pt\/wp-json\/wp\/v2\/pages\/684\/revisions\/2320"}],"wp:attachment":[{"href":"https:\/\/auriverdemining.com\/pt\/wp-json\/wp\/v2\/media?parent=684"}],"curies":[{"name":"wp","href":"https:\/\/api.w.org\/{rel}","templated":true}]}}