{"id":681,"date":"2025-05-28T20:48:59","date_gmt":"2025-05-28T20:48:59","guid":{"rendered":"https:\/\/auriverdemining.com\/pt\/?page_id=681"},"modified":"2025-06-26T16:38:10","modified_gmt":"2025-06-26T16:38:10","slug":"conselho-de-administracao","status":"publish","type":"page","link":"https:\/\/auriverdemining.com\/pt\/conselho-de-administracao\/","title":{"rendered":"Conselho de Administra\u00e7\u00e3o"},"content":{"rendered":"\t\t<div data-elementor-type=\"wp-page\" data-elementor-id=\"681\" class=\"elementor elementor-681\" data-elementor-post-type=\"page\">\n\t\t\t\t<div class=\"elementor-element elementor-element-4d505b2 e-flex e-con-boxed e-con e-parent\" data-id=\"4d505b2\" data-element_type=\"container\" data-e-type=\"container\" data-settings=\"{&quot;background_background&quot;:&quot;gradient&quot;}\">\n\t\t\t\t\t<div class=\"e-con-inner\">\n\t\t\t\t\t<\/div>\n\t\t\t\t<\/div>\n\t\t<div class=\"elementor-element elementor-element-638df4e e-con-full e-flex e-con e-parent\" data-id=\"638df4e\" data-element_type=\"container\" data-e-type=\"container\" data-settings=\"{&quot;background_background&quot;:&quot;classic&quot;}\">\n\t\t<div class=\"elementor-element elementor-element-ed0c9f2 e-con-full e-flex e-con e-child\" data-id=\"ed0c9f2\" data-element_type=\"container\" data-e-type=\"container\">\n\t\t\t\t<div class=\"elementor-element elementor-element-023e79d elementor-widget elementor-widget-text-editor\" data-id=\"023e79d\" data-element_type=\"widget\" data-e-type=\"widget\" data-widget_type=\"text-editor.default\">\n\t\t\t\t<div class=\"elementor-widget-container\">\n\t\t\t\t\t\t\t\t\tLideran\u00e7a Estrat\u00e9gica para um Futuro Sustent\u00e1vel\n\n\t\t\t\t\t\t\t\t<\/div>\n\t\t\t\t<\/div>\n\t\t\t\t<div class=\"elementor-element elementor-element-ab27b13 elementor-widget elementor-widget-text-editor\" data-id=\"ab27b13\" data-element_type=\"widget\" data-e-type=\"widget\" data-widget_type=\"text-editor.default\">\n\t\t\t\t<div class=\"elementor-widget-container\">\n\t\t\t\t\t\t\t\t\t<p data-start=\"0\" data-end=\"106\">Nosso Conselho de Administra\u00e7\u00e3o \u00e9 composto por l\u00edderes experientes, com ampla atua\u00e7\u00e3o em diversos setores.<\/p><p data-start=\"108\" data-end=\"227\">Eles oferecem orienta\u00e7\u00e3o estrat\u00e9gica, asseguram uma governan\u00e7a eficaz e preservam a miss\u00e3o e os valores da organiza\u00e7\u00e3o.<\/p><p data-start=\"229\" data-end=\"421\" data-is-last-node=\"\" data-is-only-node=\"\">Com uma gama diversificada de compet\u00eancias, os membros do nosso conselho desempenham um papel fundamental na promo\u00e7\u00e3o da inova\u00e7\u00e3o, do crescimento sustent\u00e1vel e da responsabilidade corporativa.<\/p>\t\t\t\t\t\t\t\t<\/div>\n\t\t\t\t<\/div>\n\t\t\t\t<\/div>\n\t\t<div class=\"elementor-element elementor-element-d26d5ef e-con-full e-flex e-con e-child\" data-id=\"d26d5ef\" data-element_type=\"container\" data-e-type=\"container\" data-settings=\"{&quot;background_background&quot;:&quot;gradient&quot;}\">\n\t\t\t\t<\/div>\n\t\t\t\t<\/div>\n\t\t\t\t<\/div>\n\t\t","protected":false},"excerpt":{"rendered":"<p>Lideran\u00e7a Estrat\u00e9gica para um Futuro Sustent\u00e1vel Nosso Conselho de Administra\u00e7\u00e3o \u00e9 composto por l\u00edderes experientes, com ampla atua\u00e7\u00e3o em diversos setores. Eles oferecem orienta\u00e7\u00e3o estrat\u00e9gica, asseguram uma governan\u00e7a eficaz e preservam a miss\u00e3o e os valores da organiza\u00e7\u00e3o. Com uma gama diversificada de compet\u00eancias, os membros do nosso conselho desempenham um papel fundamental na promo\u00e7\u00e3o [&hellip;]<\/p>\n","protected":false},"author":1,"featured_media":0,"parent":0,"menu_order":0,"comment_status":"closed","ping_status":"closed","template":"elementor_header_footer","meta":{"footnotes":""},"class_list":["post-681","page","type-page","status-publish","hentry"],"_links":{"self":[{"href":"https:\/\/auriverdemining.com\/pt\/wp-json\/wp\/v2\/pages\/681","targetHints":{"allow":["GET"]}}],"collection":[{"href":"https:\/\/auriverdemining.com\/pt\/wp-json\/wp\/v2\/pages"}],"about":[{"href":"https:\/\/auriverdemining.com\/pt\/wp-json\/wp\/v2\/types\/page"}],"author":[{"embeddable":true,"href":"https:\/\/auriverdemining.com\/pt\/wp-json\/wp\/v2\/users\/1"}],"replies":[{"embeddable":true,"href":"https:\/\/auriverdemining.com\/pt\/wp-json\/wp\/v2\/comments?post=681"}],"version-history":[{"count":41,"href":"https:\/\/auriverdemining.com\/pt\/wp-json\/wp\/v2\/pages\/681\/revisions"}],"predecessor-version":[{"id":2219,"href":"https:\/\/auriverdemining.com\/pt\/wp-json\/wp\/v2\/pages\/681\/revisions\/2219"}],"wp:attachment":[{"href":"https:\/\/auriverdemining.com\/pt\/wp-json\/wp\/v2\/media?parent=681"}],"curies":[{"name":"wp","href":"https:\/\/api.w.org\/{rel}","templated":true}]}}