{"id":679,"date":"2025-05-28T20:53:53","date_gmt":"2025-05-28T20:53:53","guid":{"rendered":"https:\/\/auriverdemining.com\/pt\/?page_id=679"},"modified":"2025-12-12T18:36:31","modified_gmt":"2025-12-12T18:36:31","slug":"gestao-executiva","status":"publish","type":"page","link":"https:\/\/auriverdemining.com\/pt\/gestao-executiva\/","title":{"rendered":"Gest\u00e3o Executiva"},"content":{"rendered":"\t\t<div data-elementor-type=\"wp-page\" data-elementor-id=\"679\" class=\"elementor elementor-679\" data-elementor-post-type=\"page\">\n\t\t\t\t<div class=\"elementor-element elementor-element-0611b33 e-flex e-con-boxed e-con e-parent\" data-id=\"0611b33\" data-element_type=\"container\" data-e-type=\"container\" data-settings=\"{&quot;background_background&quot;:&quot;gradient&quot;}\">\n\t\t\t\t\t<div class=\"e-con-inner\">\n\t\t\t\t\t<\/div>\n\t\t\t\t<\/div>\n\t\t<div class=\"elementor-element elementor-element-5cc7d94 e-con-full e-flex e-con e-parent\" data-id=\"5cc7d94\" data-element_type=\"container\" data-e-type=\"container\" data-settings=\"{&quot;background_background&quot;:&quot;classic&quot;}\">\n\t\t<div class=\"elementor-element elementor-element-e1ad3ec e-con-full e-flex e-con e-child\" data-id=\"e1ad3ec\" data-element_type=\"container\" data-e-type=\"container\">\n\t\t\t\t<div class=\"elementor-element elementor-element-d1d7984 elementor-widget elementor-widget-text-editor\" data-id=\"d1d7984\" data-element_type=\"widget\" data-e-type=\"widget\" data-widget_type=\"text-editor.default\">\n\t\t\t\t<div class=\"elementor-widget-container\">\n\t\t\t\t\t\t\t\t\t<p data-start=\"0\" data-end=\"228\">A Auriverde Mining \u00e9 liderada por uma equipe executiva altamente experiente e orientada por resultados, com um hist\u00f3rico s\u00f3lido em explora\u00e7\u00e3o mineral, desenvolvimento de projetos e opera\u00e7\u00f5es de minera\u00e7\u00e3o no Brasil e no exterior.<\/p><p data-start=\"230\" data-end=\"422\">Nossa lideran\u00e7a combina profunda expertise t\u00e9cnica com vis\u00e3o estrat\u00e9gica, garantindo o desenvolvimento respons\u00e1vel de nossos ativos e a gera\u00e7\u00e3o de valor sustent\u00e1vel para todos os stakeholders.<\/p><p data-start=\"424\" data-end=\"597\" data-is-last-node=\"\" data-is-only-node=\"\">A equipe executiva est\u00e1 comprometida com a excel\u00eancia operacional, a responsabilidade ambiental e o fortalecimento de rela\u00e7\u00f5es s\u00f3lidas com as comunidades locais e parceiros.<\/p>\t\t\t\t\t\t\t\t<\/div>\n\t\t\t\t<\/div>\n\t\t\t\t<\/div>\n\t\t\t\t<\/div>\n\t\t<div class=\"elementor-element elementor-element-b2508ad e-con-full e-flex e-con e-parent\" data-id=\"b2508ad\" data-element_type=\"container\" data-e-type=\"container\" data-settings=\"{&quot;background_background&quot;:&quot;classic&quot;}\">\n\t\t<div class=\"elementor-element elementor-element-7fee491 e-con-full e-flex e-con e-child\" data-id=\"7fee491\" data-element_type=\"container\" data-e-type=\"container\">\n\t\t\t\t<div class=\"elementor-element elementor-element-9ac2a5d elementor-widget elementor-widget-image\" data-id=\"9ac2a5d\" data-element_type=\"widget\" data-e-type=\"widget\" data-widget_type=\"image.default\">\n\t\t\t\t<div class=\"elementor-widget-container\">\n\t\t\t\t\t\t\t\t\t\t\t\t\t\t\t<img fetchpriority=\"high\" decoding=\"async\" width=\"280\" height=\"300\" src=\"https:\/\/auriverdemining.com\/pt\/wp-content\/uploads\/2025\/05\/AURIVERDE-32-280x300.png\" class=\"attachment-medium size-medium wp-image-1418\" alt=\"\" srcset=\"https:\/\/auriverdemining.com\/pt\/wp-content\/uploads\/2025\/05\/AURIVERDE-32-280x300.png 280w, https:\/\/auriverdemining.com\/pt\/wp-content\/uploads\/2025\/05\/AURIVERDE-32.png 500w\" sizes=\"(max-width: 280px) 100vw, 280px\" \/>\t\t\t\t\t\t\t\t\t\t\t\t\t\t\t<\/div>\n\t\t\t\t<\/div>\n\t\t\t\t<div class=\"elementor-element elementor-element-78d084d elementor-invisible elementor-widget elementor-widget-heading\" data-id=\"78d084d\" data-element_type=\"widget\" data-e-type=\"widget\" data-settings=\"{&quot;_animation&quot;:&quot;fadeInDown&quot;}\" data-widget_type=\"heading.default\">\n\t\t\t\t<div class=\"elementor-widget-container\">\n\t\t\t\t\t<h1 class=\"elementor-heading-title elementor-size-default\">Rodrigo Nunes<\/h1>\t\t\t\t<\/div>\n\t\t\t\t<\/div>\n\t\t\t\t<div class=\"elementor-element elementor-element-0efc093 elementor-invisible elementor-widget elementor-widget-heading\" data-id=\"0efc093\" data-element_type=\"widget\" data-e-type=\"widget\" data-settings=\"{&quot;_animation&quot;:&quot;fadeInDown&quot;}\" data-widget_type=\"heading.default\">\n\t\t\t\t<div class=\"elementor-widget-container\">\n\t\t\t\t\t<h1 class=\"elementor-heading-title elementor-size-default\">CEO<\/h1>\t\t\t\t<\/div>\n\t\t\t\t<\/div>\n\t\t\t\t<div class=\"elementor-element elementor-element-8c2a473 elementor-widget elementor-widget-text-editor\" data-id=\"8c2a473\" data-element_type=\"widget\" data-e-type=\"widget\" data-widget_type=\"text-editor.default\">\n\t\t\t\t<div class=\"elementor-widget-container\">\n\t\t\t\t\t\t\t\t\t<p data-start=\"0\" data-end=\"245\">Rodrigo Nunes \u00e9 o CEO da Auriverde Mining, trazendo mais de 20 anos de experi\u00eancia na ind\u00fastria de minera\u00e7\u00e3o global. Ele possui um hist\u00f3rico comprovado em lideran\u00e7a operacional, desenvolvimento de projetos e crescimento estrat\u00e9gico nas Am\u00e9ricas.<\/p><p data-start=\"247\" data-end=\"554\">Antes de ingressar na Auriverde Mining em 2025, Rodrigo atuou como Chief Operating Officer na Hochschild Mining PLC, onde liderou importantes projetos de desenvolvimento de ouro no Brasil, incluindo os ativos de Mara Rosa e Monte do Carmo. Tamb\u00e9m ocupou cargos executivos no Optimize Group e na Yamana Gold.<\/p><p data-start=\"556\" data-end=\"754\" data-is-last-node=\"\" data-is-only-node=\"\">Rodrigo \u00e9 mestre em Ci\u00eancias pela Universidade de S\u00e3o Paulo (USP), possui MBA pela Funda\u00e7\u00e3o Getulio Vargas (FGV) e \u00e9 graduado em Engenharia de Minas pela Universidade Federal de Minas Gerais (UFMG).<\/p>\t\t\t\t\t\t\t\t<\/div>\n\t\t\t\t<\/div>\n\t\t\t\t<\/div>\n\t\t<div class=\"elementor-element elementor-element-8e9c777 e-con-full e-flex e-con e-child\" data-id=\"8e9c777\" data-element_type=\"container\" data-e-type=\"container\">\n\t\t\t\t<div class=\"elementor-element elementor-element-fb884d6 elementor-widget elementor-widget-image\" data-id=\"fb884d6\" data-element_type=\"widget\" data-e-type=\"widget\" data-widget_type=\"image.default\">\n\t\t\t\t<div class=\"elementor-widget-container\">\n\t\t\t\t\t\t\t\t\t\t\t\t\t\t\t<img decoding=\"async\" width=\"278\" height=\"300\" src=\"https:\/\/auriverdemining.com\/pt\/wp-content\/uploads\/2025\/05\/AURIVERDE-33-278x300.png\" class=\"attachment-medium size-medium wp-image-1417\" alt=\"\" srcset=\"https:\/\/auriverdemining.com\/pt\/wp-content\/uploads\/2025\/05\/AURIVERDE-33-278x300.png 278w, https:\/\/auriverdemining.com\/pt\/wp-content\/uploads\/2025\/05\/AURIVERDE-33.png 500w\" sizes=\"(max-width: 278px) 100vw, 278px\" \/>\t\t\t\t\t\t\t\t\t\t\t\t\t\t\t<\/div>\n\t\t\t\t<\/div>\n\t\t\t\t<div class=\"elementor-element elementor-element-1deea12 elementor-invisible elementor-widget elementor-widget-heading\" data-id=\"1deea12\" data-element_type=\"widget\" data-e-type=\"widget\" data-settings=\"{&quot;_animation&quot;:&quot;fadeInDown&quot;}\" data-widget_type=\"heading.default\">\n\t\t\t\t<div class=\"elementor-widget-container\">\n\t\t\t\t\t<h1 class=\"elementor-heading-title elementor-size-default\">Juliano Souza<\/h1>\t\t\t\t<\/div>\n\t\t\t\t<\/div>\n\t\t\t\t<div class=\"elementor-element elementor-element-6f8aaca elementor-invisible elementor-widget elementor-widget-heading\" data-id=\"6f8aaca\" data-element_type=\"widget\" data-e-type=\"widget\" data-settings=\"{&quot;_animation&quot;:&quot;fadeInDown&quot;}\" data-widget_type=\"heading.default\">\n\t\t\t\t<div class=\"elementor-widget-container\">\n\t\t\t\t\t<h1 class=\"elementor-heading-title elementor-size-default\">Vice Presidente, Explora\u00e7\u00e3o<\/h1>\t\t\t\t<\/div>\n\t\t\t\t<\/div>\n\t\t\t\t<div class=\"elementor-element elementor-element-dac9078 elementor-widget elementor-widget-text-editor\" data-id=\"dac9078\" data-element_type=\"widget\" data-e-type=\"widget\" data-widget_type=\"text-editor.default\">\n\t\t\t\t<div class=\"elementor-widget-container\">\n\t\t\t\t\t\t\t\t\t<p data-start=\"0\" data-end=\"199\">Juliano possui mais de 21 anos de experi\u00eancia em explora\u00e7\u00e3o mineral, atuando em todas as fases de desenvolvimento de projetos, incluindo Greenfield, Brownfield, estudos econ\u00f4micos e geologia de mina.<\/p><p data-start=\"201\" data-end=\"369\">Ele tem ampla expertise na explora\u00e7\u00e3o de ouro e cobre, com um hist\u00f3rico s\u00f3lido em diversos tipos de dep\u00f3sitos, como orog\u00eanicos, p\u00f3rfiro, IOCG e paleoplacer modificados.<\/p><p data-start=\"371\" data-end=\"527\">Juliano ocupou cargos de lideran\u00e7a s\u00eanior na Yamana Gold e na Pan American Silver, contribuindo para a tomada de decis\u00f5es estrat\u00e9gicas e excel\u00eancia t\u00e9cnica.<\/p><p data-start=\"529\" data-end=\"636\" data-is-last-node=\"\" data-is-only-node=\"\">\u00c9 graduado em Geologia pela Universidade Estadual de Campinas (Unicamp) e possui MBA em Gest\u00e3o Corporativa.<\/p>\t\t\t\t\t\t\t\t<\/div>\n\t\t\t\t<\/div>\n\t\t\t\t<\/div>\n\t\t\t\t<\/div>\n\t\t\t\t<\/div>\n\t\t","protected":false},"excerpt":{"rendered":"<p>A Auriverde Mining \u00e9 liderada por uma equipe executiva altamente experiente e orientada por resultados, com um hist\u00f3rico s\u00f3lido em explora\u00e7\u00e3o mineral, desenvolvimento de projetos e opera\u00e7\u00f5es de minera\u00e7\u00e3o no Brasil e no exterior. Nossa lideran\u00e7a combina profunda expertise t\u00e9cnica com vis\u00e3o estrat\u00e9gica, garantindo o desenvolvimento respons\u00e1vel de nossos ativos e a gera\u00e7\u00e3o de valor [&hellip;]<\/p>\n","protected":false},"author":1,"featured_media":0,"parent":0,"menu_order":0,"comment_status":"closed","ping_status":"closed","template":"elementor_header_footer","meta":{"footnotes":""},"class_list":["post-679","page","type-page","status-publish","hentry"],"_links":{"self":[{"href":"https:\/\/auriverdemining.com\/pt\/wp-json\/wp\/v2\/pages\/679","targetHints":{"allow":["GET"]}}],"collection":[{"href":"https:\/\/auriverdemining.com\/pt\/wp-json\/wp\/v2\/pages"}],"about":[{"href":"https:\/\/auriverdemining.com\/pt\/wp-json\/wp\/v2\/types\/page"}],"author":[{"embeddable":true,"href":"https:\/\/auriverdemining.com\/pt\/wp-json\/wp\/v2\/users\/1"}],"replies":[{"embeddable":true,"href":"https:\/\/auriverdemining.com\/pt\/wp-json\/wp\/v2\/comments?post=679"}],"version-history":[{"count":74,"href":"https:\/\/auriverdemining.com\/pt\/wp-json\/wp\/v2\/pages\/679\/revisions"}],"predecessor-version":[{"id":2303,"href":"https:\/\/auriverdemining.com\/pt\/wp-json\/wp\/v2\/pages\/679\/revisions\/2303"}],"wp:attachment":[{"href":"https:\/\/auriverdemining.com\/pt\/wp-json\/wp\/v2\/media?parent=679"}],"curies":[{"name":"wp","href":"https:\/\/api.w.org\/{rel}","templated":true}]}}