{"id":677,"date":"2025-05-28T20:49:00","date_gmt":"2025-05-28T20:49:00","guid":{"rendered":"https:\/\/auriverdemining.com\/pt\/?page_id=677"},"modified":"2025-12-12T18:35:52","modified_gmt":"2025-12-12T18:35:52","slug":"perfil-da-empresa","status":"publish","type":"page","link":"https:\/\/auriverdemining.com\/pt\/perfil-da-empresa\/","title":{"rendered":"Perfil da Empresa"},"content":{"rendered":"\t\t<div data-elementor-type=\"wp-page\" data-elementor-id=\"677\" class=\"elementor elementor-677\" data-elementor-post-type=\"page\">\n\t\t\t\t<div class=\"elementor-element elementor-element-87347c0 e-flex e-con-boxed e-con e-parent\" data-id=\"87347c0\" data-element_type=\"container\" data-e-type=\"container\" data-settings=\"{&quot;background_background&quot;:&quot;gradient&quot;}\">\n\t\t\t\t\t<div class=\"e-con-inner\">\n\t\t\t\t\t<\/div>\n\t\t\t\t<\/div>\n\t\t<div class=\"elementor-element elementor-element-4960dfb e-con-full e-flex e-con e-parent\" data-id=\"4960dfb\" data-element_type=\"container\" data-e-type=\"container\" data-settings=\"{&quot;background_background&quot;:&quot;classic&quot;}\">\n\t\t<div class=\"elementor-element elementor-element-952a504 e-con-full e-flex e-con e-child\" data-id=\"952a504\" data-element_type=\"container\" data-e-type=\"container\">\n\t\t\t\t<div class=\"elementor-element elementor-element-1610175 elementor-widget elementor-widget-text-editor\" data-id=\"1610175\" data-element_type=\"widget\" data-e-type=\"widget\" data-widget_type=\"text-editor.default\">\n\t\t\t\t<div class=\"elementor-widget-container\">\n\t\t\t\t\t\t\t\t\t<p data-start=\"0\" data-end=\"119\">Somos uma empresa de minera\u00e7\u00e3o privada com tr\u00eas projetos de desenvolvimento de ouro localizados no Mato Grosso, Brasil.<\/p><p data-start=\"121\" data-end=\"243\">Fundada em 2025, nossa estrat\u00e9gia \u00e9 explorar, delimitar recursos e avan\u00e7ar no desenvolvimento de nossos principais ativos:<\/p><ul data-start=\"245\" data-end=\"291\" data-is-last-node=\"\" data-is-only-node=\"\"><li data-start=\"245\" data-end=\"264\"><p data-start=\"247\" data-end=\"264\">Figueira Branca<\/p><\/li><li data-start=\"276\" data-end=\"291\" data-is-last-node=\"\"><p data-start=\"278\" data-end=\"291\" data-is-last-node=\"\">Alta Floresta<\/p><\/li><\/ul>\t\t\t\t\t\t\t\t<\/div>\n\t\t\t\t<\/div>\n\t\t\t\t<\/div>\n\t\t<div class=\"elementor-element elementor-element-9855bf5 e-con-full e-flex e-con e-child\" data-id=\"9855bf5\" data-element_type=\"container\" data-e-type=\"container\">\n\t\t\t\t<div class=\"elementor-element elementor-element-040d674 elementor-widget elementor-widget-image\" data-id=\"040d674\" data-element_type=\"widget\" data-e-type=\"widget\" data-widget_type=\"image.default\">\n\t\t\t\t<div class=\"elementor-widget-container\">\n\t\t\t\t\t\t\t\t\t\t\t\t\t\t\t<img fetchpriority=\"high\" decoding=\"async\" width=\"591\" height=\"273\" src=\"https:\/\/auriverdemining.com\/pt\/wp-content\/uploads\/2025\/12\/AURIVERDE.png\" class=\"attachment-large size-large wp-image-2292\" alt=\"\" srcset=\"https:\/\/auriverdemining.com\/pt\/wp-content\/uploads\/2025\/12\/AURIVERDE.png 591w, https:\/\/auriverdemining.com\/pt\/wp-content\/uploads\/2025\/12\/AURIVERDE-300x139.png 300w\" sizes=\"(max-width: 591px) 100vw, 591px\" \/>\t\t\t\t\t\t\t\t\t\t\t\t\t\t\t<\/div>\n\t\t\t\t<\/div>\n\t\t\t\t<\/div>\n\t\t\t\t<\/div>\n\t\t<div class=\"elementor-element elementor-element-af80465 e-con-full e-flex e-con e-parent\" data-id=\"af80465\" data-element_type=\"container\" data-e-type=\"container\" data-settings=\"{&quot;background_background&quot;:&quot;classic&quot;}\">\n\t\t<div class=\"elementor-element elementor-element-72b2de4 e-con-full e-flex e-con e-child\" data-id=\"72b2de4\" data-element_type=\"container\" data-e-type=\"container\" data-settings=\"{&quot;background_background&quot;:&quot;classic&quot;}\">\n\t\t\t\t<\/div>\n\t\t<div class=\"elementor-element elementor-element-b767c78 e-con-full e-flex e-con e-child\" data-id=\"b767c78\" data-element_type=\"container\" data-e-type=\"container\">\n\t\t\t\t<div class=\"elementor-element elementor-element-bf1e088 elementor-invisible elementor-widget elementor-widget-heading\" data-id=\"bf1e088\" data-element_type=\"widget\" data-e-type=\"widget\" data-settings=\"{&quot;_animation&quot;:&quot;fadeInDown&quot;}\" data-widget_type=\"heading.default\">\n\t\t\t\t<div class=\"elementor-widget-container\">\n\t\t\t\t\t<h1 class=\"elementor-heading-title elementor-size-default\">Nossa Abordagem na Minera\u00e7\u00e3o<\/h1>\t\t\t\t<\/div>\n\t\t\t\t<\/div>\n\t\t\t\t<div class=\"elementor-element elementor-element-ed74963 elementor-widget elementor-widget-text-editor\" data-id=\"ed74963\" data-element_type=\"widget\" data-e-type=\"widget\" data-widget_type=\"text-editor.default\">\n\t\t\t\t<div class=\"elementor-widget-container\">\n\t\t\t\t\t\t\t\t\t<p data-start=\"0\" data-end=\"197\">Mato Grosso \u00e9 um estado favor\u00e1vel \u00e0 minera\u00e7\u00e3o, com uma rica hist\u00f3ria de desenvolvimento mineral. Nossos ativos est\u00e3o estrategicamente localizados nas prov\u00edncias aur\u00edferas de Alta Floresta.<\/p><p data-start=\"199\" data-end=\"336\">Em 2025, aceleraremos a explora\u00e7\u00e3o em todos os tr\u00eas projetos, enquanto operamos em Pocon\u00e9 e iniciamos a implementa\u00e7\u00e3o do Figueira Branca.<\/p><p data-start=\"338\" data-end=\"493\" data-is-last-node=\"\" data-is-only-node=\"\">Estamos comprometidos em operar seguindo os melhores padr\u00f5es da ind\u00fastria em sa\u00fade e seguran\u00e7a, excel\u00eancia operacional, gest\u00e3o financeira e desempenho ESG.<\/p>\t\t\t\t\t\t\t\t<\/div>\n\t\t\t\t<\/div>\n\t\t\t\t<\/div>\n\t\t\t\t<\/div>\n\t\t<div class=\"elementor-element elementor-element-9c565b3 e-con-full e-flex e-con e-parent\" data-id=\"9c565b3\" data-element_type=\"container\" data-e-type=\"container\" data-settings=\"{&quot;background_background&quot;:&quot;classic&quot;}\">\n\t\t<div class=\"elementor-element elementor-element-35705f7 e-con-full e-flex e-con e-child\" data-id=\"35705f7\" data-element_type=\"container\" data-e-type=\"container\" data-settings=\"{&quot;background_background&quot;:&quot;classic&quot;}\">\n\t\t\t\t<\/div>\n\t\t<div class=\"elementor-element elementor-element-0ce8494 e-con-full e-flex e-con e-child\" data-id=\"0ce8494\" data-element_type=\"container\" data-e-type=\"container\">\n\t\t\t\t<div class=\"elementor-element elementor-element-619d1e0 elementor-invisible elementor-widget elementor-widget-heading\" data-id=\"619d1e0\" data-element_type=\"widget\" data-e-type=\"widget\" data-settings=\"{&quot;_animation&quot;:&quot;fadeInDown&quot;}\" data-widget_type=\"heading.default\">\n\t\t\t\t<div class=\"elementor-widget-container\">\n\t\t\t\t\t<h1 class=\"elementor-heading-title elementor-size-default\">Nossa Equipe<\/h1>\t\t\t\t<\/div>\n\t\t\t\t<\/div>\n\t\t\t\t<div class=\"elementor-element elementor-element-0c41740 elementor-widget elementor-widget-text-editor\" data-id=\"0c41740\" data-element_type=\"widget\" data-e-type=\"widget\" data-widget_type=\"text-editor.default\">\n\t\t\t\t<div class=\"elementor-widget-container\">\n\t\t\t\t\t\t\t\t\t<p data-start=\"476\" data-end=\"633\">A Auriverde Mining \u00e9 liderada por uma equipe de executivos experientes em minera\u00e7\u00e3o, com d\u00e9cadas de atua\u00e7\u00e3o na explora\u00e7\u00e3o, desenvolvimento e opera\u00e7\u00e3o de minas nas Am\u00e9ricas.<\/p><p data-start=\"635\" data-end=\"818\">\u00a0<\/p>\t\t\t\t\t\t\t\t<\/div>\n\t\t\t\t<\/div>\n\t\t\t\t<\/div>\n\t\t\t\t<\/div>\n\t\t\t\t<\/div>\n\t\t","protected":false},"excerpt":{"rendered":"<p>Somos uma empresa de minera\u00e7\u00e3o privada com tr\u00eas projetos de desenvolvimento de ouro localizados no Mato Grosso, Brasil. Fundada em 2025, nossa estrat\u00e9gia \u00e9 explorar, delimitar recursos e avan\u00e7ar no desenvolvimento de nossos principais ativos: Figueira Branca Alta Floresta Nossa Abordagem na Minera\u00e7\u00e3o Mato Grosso \u00e9 um estado favor\u00e1vel \u00e0 minera\u00e7\u00e3o, com uma rica hist\u00f3ria [&hellip;]<\/p>\n","protected":false},"author":1,"featured_media":0,"parent":0,"menu_order":0,"comment_status":"closed","ping_status":"closed","template":"elementor_header_footer","meta":{"footnotes":""},"class_list":["post-677","page","type-page","status-publish","hentry"],"_links":{"self":[{"href":"https:\/\/auriverdemining.com\/pt\/wp-json\/wp\/v2\/pages\/677","targetHints":{"allow":["GET"]}}],"collection":[{"href":"https:\/\/auriverdemining.com\/pt\/wp-json\/wp\/v2\/pages"}],"about":[{"href":"https:\/\/auriverdemining.com\/pt\/wp-json\/wp\/v2\/types\/page"}],"author":[{"embeddable":true,"href":"https:\/\/auriverdemining.com\/pt\/wp-json\/wp\/v2\/users\/1"}],"replies":[{"embeddable":true,"href":"https:\/\/auriverdemining.com\/pt\/wp-json\/wp\/v2\/comments?post=677"}],"version-history":[{"count":119,"href":"https:\/\/auriverdemining.com\/pt\/wp-json\/wp\/v2\/pages\/677\/revisions"}],"predecessor-version":[{"id":2300,"href":"https:\/\/auriverdemining.com\/pt\/wp-json\/wp\/v2\/pages\/677\/revisions\/2300"}],"wp:attachment":[{"href":"https:\/\/auriverdemining.com\/pt\/wp-json\/wp\/v2\/media?parent=677"}],"curies":[{"name":"wp","href":"https:\/\/api.w.org\/{rel}","templated":true}]}}