{"id":136,"date":"2025-05-17T23:49:21","date_gmt":"2025-05-17T23:49:21","guid":{"rendered":"https:\/\/auriverdemining.com\/pt\/?page_id=136"},"modified":"2025-06-26T17:10:05","modified_gmt":"2025-06-26T17:10:05","slug":"sustentabilidade","status":"publish","type":"page","link":"https:\/\/auriverdemining.com\/pt\/sustentabilidade\/","title":{"rendered":"Sustentabilidade"},"content":{"rendered":"\t\t<div data-elementor-type=\"wp-page\" data-elementor-id=\"136\" class=\"elementor elementor-136\" data-elementor-post-type=\"page\">\n\t\t\t\t<div class=\"elementor-element elementor-element-4d4431c e-flex e-con-boxed e-con e-parent\" data-id=\"4d4431c\" data-element_type=\"container\" data-e-type=\"container\" data-settings=\"{&quot;background_background&quot;:&quot;gradient&quot;}\">\n\t\t\t\t\t<div class=\"e-con-inner\">\n\t\t\t\t\t<\/div>\n\t\t\t\t<\/div>\n\t\t<div class=\"elementor-element elementor-element-bac7359 e-con-full e-flex e-con e-parent\" data-id=\"bac7359\" data-element_type=\"container\" data-e-type=\"container\" data-settings=\"{&quot;background_background&quot;:&quot;classic&quot;}\">\n\t\t<div class=\"elementor-element elementor-element-9a8bbb5 e-con-full e-flex e-con e-child\" data-id=\"9a8bbb5\" data-element_type=\"container\" data-e-type=\"container\">\n\t\t\t\t<div class=\"elementor-element elementor-element-9dd3af0 elementor-widget elementor-widget-text-editor\" data-id=\"9dd3af0\" data-element_type=\"widget\" data-e-type=\"widget\" data-widget_type=\"text-editor.default\">\n\t\t\t\t<div class=\"elementor-widget-container\">\n\t\t\t\t\t\t\t\t\t<p data-start=\"0\" data-end=\"261\">Na Auriverde Mining, a sustentabilidade est\u00e1 no centro de tudo o que fazemos. Acreditamos que a minera\u00e7\u00e3o respons\u00e1vel pode gerar valor a longo prazo n\u00e3o apenas para nossos acionistas, mas tamb\u00e9m para o meio ambiente, as comunidades locais e as futuras gera\u00e7\u00f5es.<\/p><p data-start=\"263\" data-end=\"497\">Estamos comprometidos em desenvolver nossos projetos com integridade, transpar\u00eancia e responsabilidade, garantindo que os princ\u00edpios ambientais, sociais e de governan\u00e7a (ESG) estejam incorporados em todas as fases de nossas opera\u00e7\u00f5es.<\/p><p data-start=\"499\" data-end=\"778\"><strong data-start=\"499\" data-end=\"519\">Gest\u00e3o Ambiental<\/strong><br data-start=\"519\" data-end=\"522\" \/>Implementamos as melhores pr\u00e1ticas para minimizar o impacto ambiental, incluindo a recupera\u00e7\u00e3o de \u00e1reas degradadas, uso respons\u00e1vel da \u00e1gua e gest\u00e3o de res\u00edduos. O monitoramento ambiental est\u00e1 integrado \u00e0s nossas atividades de explora\u00e7\u00e3o e desenvolvimento.<\/p><p data-start=\"780\" data-end=\"1048\"><strong data-start=\"780\" data-end=\"807\">Engajamento Comunit\u00e1rio<\/strong><br data-start=\"807\" data-end=\"810\" \/>Trabalhamos em estreita colabora\u00e7\u00e3o com as comunidades locais para fomentar o desenvolvimento econ\u00f4mico, respeitar valores culturais e criar parcerias de longo prazo. Nosso objetivo \u00e9 contribuir positivamente para as regi\u00f5es onde atuamos.<\/p><p data-start=\"1050\" data-end=\"1226\" data-is-last-node=\"\" data-is-only-node=\"\"><strong data-start=\"1050\" data-end=\"1072\">Governan\u00e7a e \u00c9tica<\/strong><br data-start=\"1072\" data-end=\"1075\" \/>Mantemos uma estrutura de governan\u00e7a s\u00f3lida que promove a transpar\u00eancia, o cumprimento regulat\u00f3rio e a conduta \u00e9tica em todos os n\u00edveis da organiza\u00e7\u00e3o.<\/p>\t\t\t\t\t\t\t\t<\/div>\n\t\t\t\t<\/div>\n\t\t\t\t<\/div>\n\t\t<div class=\"elementor-element elementor-element-b154ed2 e-con-full e-flex e-con e-child\" data-id=\"b154ed2\" data-element_type=\"container\" data-e-type=\"container\" data-settings=\"{&quot;background_background&quot;:&quot;gradient&quot;}\">\n\t\t\t\t<\/div>\n\t\t\t\t<\/div>\n\t\t\t\t<\/div>\n\t\t","protected":false},"excerpt":{"rendered":"<p>Na Auriverde Mining, a sustentabilidade est\u00e1 no centro de tudo o que fazemos. Acreditamos que a minera\u00e7\u00e3o respons\u00e1vel pode gerar valor a longo prazo n\u00e3o apenas para nossos acionistas, mas tamb\u00e9m para o meio ambiente, as comunidades locais e as futuras gera\u00e7\u00f5es. Estamos comprometidos em desenvolver nossos projetos com integridade, transpar\u00eancia e responsabilidade, garantindo que [&hellip;]<\/p>\n","protected":false},"author":1,"featured_media":0,"parent":0,"menu_order":0,"comment_status":"closed","ping_status":"closed","template":"elementor_header_footer","meta":{"footnotes":""},"class_list":["post-136","page","type-page","status-publish","hentry"],"_links":{"self":[{"href":"https:\/\/auriverdemining.com\/pt\/wp-json\/wp\/v2\/pages\/136","targetHints":{"allow":["GET"]}}],"collection":[{"href":"https:\/\/auriverdemining.com\/pt\/wp-json\/wp\/v2\/pages"}],"about":[{"href":"https:\/\/auriverdemining.com\/pt\/wp-json\/wp\/v2\/types\/page"}],"author":[{"embeddable":true,"href":"https:\/\/auriverdemining.com\/pt\/wp-json\/wp\/v2\/users\/1"}],"replies":[{"embeddable":true,"href":"https:\/\/auriverdemining.com\/pt\/wp-json\/wp\/v2\/comments?post=136"}],"version-history":[{"count":55,"href":"https:\/\/auriverdemining.com\/pt\/wp-json\/wp\/v2\/pages\/136\/revisions"}],"predecessor-version":[{"id":2252,"href":"https:\/\/auriverdemining.com\/pt\/wp-json\/wp\/v2\/pages\/136\/revisions\/2252"}],"wp:attachment":[{"href":"https:\/\/auriverdemining.com\/pt\/wp-json\/wp\/v2\/media?parent=136"}],"curies":[{"name":"wp","href":"https:\/\/api.w.org\/{rel}","templated":true}]}}